{"id":299,"date":"2024-07-24T16:01:32","date_gmt":"2024-07-24T16:01:32","guid":{"rendered":"https:\/\/bejzamna.websalve.mx\/?page_id=299"},"modified":"2024-07-27T20:41:31","modified_gmt":"2024-07-27T20:41:31","slug":"precios","status":"publish","type":"page","link":"https:\/\/bejzamna.websalve.mx\/en\/precios\/","title":{"rendered":"Precios"},"content":{"rendered":"<div data-elementor-type=\"wp-page\" data-elementor-id=\"299\" class=\"elementor elementor-299\" data-elementor-post-type=\"page\">\n\t\t\t\t<div class=\"elementor-element elementor-element-d24e9ed e-con-full e-flex e-con e-parent\" data-id=\"d24e9ed\" data-element_type=\"container\" data-e-type=\"container\" data-settings=\"{&quot;background_background&quot;:&quot;classic&quot;}\">\n\t\t<div class=\"elementor-element elementor-element-bcdc0aa e-con-full e-flex e-con e-child\" data-id=\"bcdc0aa\" data-element_type=\"container\" data-e-type=\"container\">\n\t\t\t\t<\/div>\n\t\t<div class=\"elementor-element elementor-element-dfcd6b6 e-con-full e-flex e-con e-child\" data-id=\"dfcd6b6\" data-element_type=\"container\" data-e-type=\"container\">\n\t\t<div class=\"elementor-element elementor-element-92c891e e-con-full e-flex e-con e-child\" data-id=\"92c891e\" data-element_type=\"container\" data-e-type=\"container\">\n\t\t\t\t<div class=\"elementor-element elementor-element-5fcb8e2 elementor-widget elementor-widget-heading\" data-id=\"5fcb8e2\" data-element_type=\"widget\" data-e-type=\"widget\" data-widget_type=\"heading.default\">\n\t\t\t\t<div class=\"elementor-widget-container\">\n\t\t\t\t\t<h2 class=\"elementor-heading-title elementor-size-default\">PRICES<\/h2>\t\t\t\t<\/div>\n\t\t\t\t<\/div>\n\t\t<div class=\"elementor-element elementor-element-4199481 e-con-full e-flex e-con e-child\" data-id=\"4199481\" data-element_type=\"container\" data-e-type=\"container\">\n\t\t<div class=\"elementor-element elementor-element-a2e9a3c e-con-full e-flex e-con e-child\" data-id=\"a2e9a3c\" data-element_type=\"container\" data-e-type=\"container\">\n\t\t\t\t<div class=\"elementor-element elementor-element-18cbd1f elementor-widget elementor-widget-heading\" data-id=\"18cbd1f\" data-element_type=\"widget\" data-e-type=\"widget\" data-widget_type=\"heading.default\">\n\t\t\t\t<div class=\"elementor-widget-container\">\n\t\t\t\t\t<h2 class=\"elementor-heading-title elementor-size-default\">Annual inscription is $ 3,500 MXN which goes towards paying for:<\/h2>\t\t\t\t<\/div>\n\t\t\t\t<\/div>\n\t\t\t\t<\/div>\n\t\t<div class=\"elementor-element elementor-element-d59cbad e-con-full e-flex e-con e-child\" data-id=\"d59cbad\" data-element_type=\"container\" data-e-type=\"container\">\n\t\t\t\t<div class=\"elementor-element elementor-element-458b691 elementor-widget elementor-widget-text-editor\" data-id=\"458b691\" data-element_type=\"widget\" data-e-type=\"widget\" data-widget_type=\"text-editor.default\">\n\t\t\t\t<div class=\"elementor-widget-container\">\n\t\t\t\t\t\t\t\t\t<p>\u2022 Annual replenishing of depleted items, paints, brushes, pens, wool, string, paper etc.\n\u2022 Getting the premises ready for the new school year, painting, repairs etc.\n\u2022 Upgrading facilities\n\u2022 Insurances and permits<br \/>\u2022 Preparar las instalaciones para el nuevo a\u00f1o escolar, pintar, reparar, etc.<br \/>\u2022 Mejora de las instalaciones<br \/>\u2022 Seguros y permisos<\/p>\t\t\t\t\t\t\t\t<\/div>\n\t\t\t\t<\/div>\n\t\t\t\t<\/div>\n\t\t\t\t<\/div>\n\t\t<div class=\"elementor-element elementor-element-9aa7b45 e-con-full e-flex e-con e-child\" data-id=\"9aa7b45\" data-element_type=\"container\" data-e-type=\"container\">\n\t\t<div class=\"elementor-element elementor-element-d88a4b4 e-con-full e-flex e-con e-child\" data-id=\"d88a4b4\" data-element_type=\"container\" data-e-type=\"container\">\n\t\t\t\t<div class=\"elementor-element elementor-element-35e718e elementor-widget elementor-widget-heading\" data-id=\"35e718e\" data-element_type=\"widget\" data-e-type=\"widget\" data-widget_type=\"heading.default\">\n\t\t\t\t<div class=\"elementor-widget-container\">\n\t\t\t\t\t<h2 class=\"elementor-heading-title elementor-size-default\">And a monthly subscription fee paid on the 25th of each month of $3,500 per child. This allows us to pay for:<\/h2>\t\t\t\t<\/div>\n\t\t\t\t<\/div>\n\t\t\t\t<\/div>\n\t\t<div class=\"elementor-element elementor-element-125c71f e-con-full e-flex e-con e-child\" data-id=\"125c71f\" data-element_type=\"container\" data-e-type=\"container\">\n\t\t\t\t<div class=\"elementor-element elementor-element-5ae954f elementor-widget elementor-widget-text-editor\" data-id=\"5ae954f\" data-element_type=\"widget\" data-e-type=\"widget\" data-widget_type=\"text-editor.default\">\n\t\t\t\t<div class=\"elementor-widget-container\">\n\t\t\t\t\t\t\t\t\t<p>\u2022 A qualified Waldorf teacher and one assistant<br \/>\u2022 Property rental costs and services<br \/>\u2022 Wholesome organic food and water for each mealtime.<\/p>\t\t\t\t\t\t\t\t<\/div>\n\t\t\t\t<\/div>\n\t\t\t\t<\/div>\n\t\t\t\t<\/div>\n\t\t<div class=\"elementor-element elementor-element-f46285b e-con-full e-flex e-con e-child\" data-id=\"f46285b\" data-element_type=\"container\" data-e-type=\"container\">\n\t\t\t\t<div class=\"elementor-element elementor-element-30d8773 elementor-widget-divider--view-line elementor-widget elementor-widget-divider\" data-id=\"30d8773\" data-element_type=\"widget\" data-e-type=\"widget\" data-widget_type=\"divider.default\">\n\t\t\t\t<div class=\"elementor-widget-container\">\n\t\t\t\t\t\t\t<div class=\"elementor-divider\">\n\t\t\t<span class=\"elementor-divider-separator\">\n\t\t\t\t\t\t<\/span>\n\t\t<\/div>\n\t\t\t\t\t\t<\/div>\n\t\t\t\t<\/div>\n\t\t\t\t<\/div>\n\t\t\t\t<\/div>\n\t\t\t\t<\/div>\n\t\t\t\t<\/div>\n\t\t\t\t<\/div>","protected":false},"excerpt":{"rendered":"<p>PRECIOS La inscripci\u00f3n anual es de $ 3,500 que se destina al pago de: \u2022 Reposici\u00f3n anual de art\u00edculos agotados, pinturas, pinceles, bol\u00edgrafos, lana, hilo, papel, etc.\u2022 Preparar las instalaciones para el nuevo a\u00f1o escolar, pintar, reparar, etc.\u2022 Mejora de las instalaciones\u2022 Seguros y permisos Y mensualmente, en los primeros 5 d\u00edas de cada mes, [&hellip;]<\/p>","protected":false},"author":2,"featured_media":0,"parent":0,"menu_order":0,"comment_status":"closed","ping_status":"closed","template":"","meta":{"footnotes":""},"class_list":["post-299","page","type-page","status-publish","hentry"],"_links":{"self":[{"href":"https:\/\/bejzamna.websalve.mx\/en\/wp-json\/wp\/v2\/pages\/299","targetHints":{"allow":["GET"]}}],"collection":[{"href":"https:\/\/bejzamna.websalve.mx\/en\/wp-json\/wp\/v2\/pages"}],"about":[{"href":"https:\/\/bejzamna.websalve.mx\/en\/wp-json\/wp\/v2\/types\/page"}],"author":[{"embeddable":true,"href":"https:\/\/bejzamna.websalve.mx\/en\/wp-json\/wp\/v2\/users\/2"}],"replies":[{"embeddable":true,"href":"https:\/\/bejzamna.websalve.mx\/en\/wp-json\/wp\/v2\/comments?post=299"}],"version-history":[{"count":28,"href":"https:\/\/bejzamna.websalve.mx\/en\/wp-json\/wp\/v2\/pages\/299\/revisions"}],"predecessor-version":[{"id":755,"href":"https:\/\/bejzamna.websalve.mx\/en\/wp-json\/wp\/v2\/pages\/299\/revisions\/755"}],"wp:attachment":[{"href":"https:\/\/bejzamna.websalve.mx\/en\/wp-json\/wp\/v2\/media?parent=299"}],"curies":[{"name":"wp","href":"https:\/\/api.w.org\/{rel}","templated":true}]}}