{"id":36,"date":"2024-07-22T19:04:05","date_gmt":"2024-07-22T19:04:05","guid":{"rendered":"https:\/\/bejzamna.websalve.mx\/home\/"},"modified":"2024-07-27T20:23:53","modified_gmt":"2024-07-27T20:23:53","slug":"home","status":"publish","type":"page","link":"https:\/\/bejzamna.websalve.mx\/en\/","title":{"rendered":"Inicio"},"content":{"rendered":"<div data-elementor-type=\"wp-page\" data-elementor-id=\"36\" class=\"elementor elementor-36\" data-elementor-post-type=\"page\">\n\t\t\t\t<div class=\"elementor-element elementor-element-b5ee480 e-con-full e-flex e-con e-parent\" data-id=\"b5ee480\" data-element_type=\"container\" data-e-type=\"container\" data-settings=\"{&quot;background_background&quot;:&quot;classic&quot;}\">\n\t\t<div class=\"elementor-element elementor-element-43b6696 e-con-full e-flex e-con e-child\" data-id=\"43b6696\" data-element_type=\"container\" data-e-type=\"container\">\n\t\t\t\t<\/div>\n\t\t<div class=\"elementor-element elementor-element-eabff43 e-con-full e-flex e-con e-child\" data-id=\"eabff43\" data-element_type=\"container\" data-e-type=\"container\">\n\t\t<div class=\"elementor-element elementor-element-b9c23ce e-con-full e-flex e-con e-child\" data-id=\"b9c23ce\" data-element_type=\"container\" data-e-type=\"container\">\n\t\t\t\t<div class=\"elementor-element elementor-element-e13cf95 elementor-widget elementor-widget-image\" data-id=\"e13cf95\" data-element_type=\"widget\" data-e-type=\"widget\" data-widget_type=\"image.default\">\n\t\t\t\t<div class=\"elementor-widget-container\">\n\t\t\t\t\t\t\t\t\t\t\t\t\t\t\t<img fetchpriority=\"high\" decoding=\"async\" width=\"222\" height=\"231\" src=\"https:\/\/bejzamna.websalve.mx\/wp-content\/uploads\/2024\/07\/bejzamnavector.png\" class=\"attachment-large size-large wp-image-110\" alt=\"\" \/>\t\t\t\t\t\t\t\t\t\t\t\t\t\t\t<\/div>\n\t\t\t\t<\/div>\n\t\t<div class=\"elementor-element elementor-element-0f15acd e-con-full e-flex e-con e-child\" data-id=\"0f15acd\" data-element_type=\"container\" data-e-type=\"container\">\n\t\t\t\t<div class=\"elementor-element elementor-element-6beeccb elementor-widget elementor-widget-heading\" data-id=\"6beeccb\" data-element_type=\"widget\" data-e-type=\"widget\" data-widget_type=\"heading.default\">\n\t\t\t\t<div class=\"elementor-widget-container\">\n\t\t\t\t\t<h2 class=\"elementor-heading-title elementor-size-default\">We are Bej Zamn\u00e1 Cozumel (from the Mayan \"Path to Wisdom\"), a non-profit Civil Association that has been working since 2016 for Social Development, particularly promoting and ensuring children's rights. Since 2021, we offer kindergarten (preschool) and lower primary education (first and second grade). Inspired by Waldorf pedagogy.\n<\/h2>\t\t\t\t<\/div>\n\t\t\t\t<\/div>\n\t\t<div class=\"elementor-element elementor-element-9f42489 e-con-full e-flex e-con e-child\" data-id=\"9f42489\" data-element_type=\"container\" data-e-type=\"container\">\n\t\t<div class=\"elementor-element elementor-element-a6081cf e-con-full e-flex e-con e-child\" data-id=\"a6081cf\" data-element_type=\"container\" data-e-type=\"container\">\n\t\t\t\t<div class=\"elementor-element elementor-element-c338f64 elementor-widget elementor-widget-text-editor\" data-id=\"c338f64\" data-element_type=\"widget\" data-e-type=\"widget\" data-widget_type=\"text-editor.default\">\n\t\t\t\t<div class=\"elementor-widget-container\">\n\t\t\t\t\t\t\t\t\t<p>Our dream was always to open a school that allows children to have an innovative curriculum inspired by Waldorf pedagogy and Mexican tradition. A school that is focused on supporting children in their natural learning process taking into consideration intellectual, social, emotional, artistic, cultural, health and environmental care factors. Our objective is to be an inclusive option to all socioeconomic groups and thus gradually end the misconception that a comprehensive and caring education is only for those who can pay for it. Quality education is a right, and we have been working continuously on this beautiful project to enforce this right for our children.<\/p>\t\t\t\t\t\t\t\t<\/div>\n\t\t\t\t<\/div>\n\t\t\t\t<\/div>\n\t\t<div class=\"elementor-element elementor-element-bd16000 e-con-full e-flex e-con e-child\" data-id=\"bd16000\" data-element_type=\"container\" data-e-type=\"container\">\n\t\t\t\t<div class=\"elementor-element elementor-element-47fee28 elementor-widget elementor-widget-image\" data-id=\"47fee28\" data-element_type=\"widget\" data-e-type=\"widget\" data-widget_type=\"image.default\">\n\t\t\t\t<div class=\"elementor-widget-container\">\n\t\t\t\t\t\t\t\t\t\t\t\t\t\t\t<img decoding=\"async\" width=\"368\" height=\"244\" src=\"https:\/\/bejzamna.websalve.mx\/wp-content\/uploads\/2024\/07\/23215596-1886381738277654-7476478532506398928-o.jpeg\" class=\"attachment-full size-full wp-image-117\" alt=\"\" srcset=\"https:\/\/bejzamna.websalve.mx\/wp-content\/uploads\/2024\/07\/23215596-1886381738277654-7476478532506398928-o.jpeg 368w, https:\/\/bejzamna.websalve.mx\/wp-content\/uploads\/2024\/07\/23215596-1886381738277654-7476478532506398928-o-300x199.jpeg 300w\" sizes=\"(max-width: 368px) 100vw, 368px\" \/>\t\t\t\t\t\t\t\t\t\t\t\t\t\t\t<\/div>\n\t\t\t\t<\/div>\n\t\t\t\t<\/div>\n\t\t\t\t<\/div>\n\t\t\t\t<div class=\"elementor-element elementor-element-7ff6fb5 elementor-widget elementor-widget-heading\" data-id=\"7ff6fb5\" data-element_type=\"widget\" data-e-type=\"widget\" data-widget_type=\"heading.default\">\n\t\t\t\t<div class=\"elementor-widget-container\">\n\t\t\t\t\t<h2 class=\"elementor-heading-title elementor-size-default\">Our Mission<\/h2>\t\t\t\t<\/div>\n\t\t\t\t<\/div>\n\t\t<div class=\"elementor-element elementor-element-cc3070c e-con-full e-flex e-con e-child\" data-id=\"cc3070c\" data-element_type=\"container\" data-e-type=\"container\">\n\t\t<div class=\"elementor-element elementor-element-6a5be36 e-con-full e-flex e-con e-child\" data-id=\"6a5be36\" data-element_type=\"container\" data-e-type=\"container\">\n\t\t\t\t<div class=\"elementor-element elementor-element-d69d748 elementor-widget elementor-widget-image\" data-id=\"d69d748\" data-element_type=\"widget\" data-e-type=\"widget\" data-widget_type=\"image.default\">\n\t\t\t\t<div class=\"elementor-widget-container\">\n\t\t\t\t\t\t\t\t\t\t\t\t\t\t\t<img decoding=\"async\" width=\"340\" height=\"255\" src=\"https:\/\/bejzamna.websalve.mx\/wp-content\/uploads\/2024\/07\/215812159-2837837209798764-4478838348422332505-n.jpeg\" class=\"attachment-full size-full wp-image-118\" alt=\"\" srcset=\"https:\/\/bejzamna.websalve.mx\/wp-content\/uploads\/2024\/07\/215812159-2837837209798764-4478838348422332505-n.jpeg 340w, https:\/\/bejzamna.websalve.mx\/wp-content\/uploads\/2024\/07\/215812159-2837837209798764-4478838348422332505-n-300x225.jpeg 300w\" sizes=\"(max-width: 340px) 100vw, 340px\" \/>\t\t\t\t\t\t\t\t\t\t\t\t\t\t\t<\/div>\n\t\t\t\t<\/div>\n\t\t\t\t<\/div>\n\t\t<div class=\"elementor-element elementor-element-e370c08 e-con-full e-flex e-con e-child\" data-id=\"e370c08\" data-element_type=\"container\" data-e-type=\"container\">\n\t\t\t\t<div class=\"elementor-element elementor-element-621ecbf elementor-widget elementor-widget-text-editor\" data-id=\"621ecbf\" data-element_type=\"widget\" data-e-type=\"widget\" data-widget_type=\"text-editor.default\">\n\t\t\t\t<div class=\"elementor-widget-container\">\n\t\t\t\t\t\t\t\t\t<p>To be a Social, Educational and Sustainable Center that provides services for the holistic development of children from all socioeconomic backgrounds, innovating in alternative education in our locality. We aim to create the first learning space inspired by Waldorf pedagogy and Mexican tradition, operating both as a school and in extracurricular settings. This center facilitates comprehensive learning and knowledge for both the child and adult community on important topics for collective well-being, such as environmental care, the promotion of art and culture, inclusion of people with disabilities, among others.<\/p>\t\t\t\t\t\t\t\t<\/div>\n\t\t\t\t<\/div>\n\t\t\t\t<\/div>\n\t\t\t\t<\/div>\n\t\t\t\t<div class=\"elementor-element elementor-element-a407011 elementor-widget elementor-widget-heading\" data-id=\"a407011\" data-element_type=\"widget\" data-e-type=\"widget\" data-widget_type=\"heading.default\">\n\t\t\t\t<div class=\"elementor-widget-container\">\n\t\t\t\t\t<h2 class=\"elementor-heading-title elementor-size-default\">Our Vision<\/h2>\t\t\t\t<\/div>\n\t\t\t\t<\/div>\n\t\t<div class=\"elementor-element elementor-element-349eee4 e-con-full e-flex e-con e-child\" data-id=\"349eee4\" data-element_type=\"container\" data-e-type=\"container\">\n\t\t<div class=\"elementor-element elementor-element-a8f5d0b e-con-full e-flex e-con e-child\" data-id=\"a8f5d0b\" data-element_type=\"container\" data-e-type=\"container\">\n\t\t\t\t<div class=\"elementor-element elementor-element-0b39272 elementor-widget elementor-widget-text-editor\" data-id=\"0b39272\" data-element_type=\"widget\" data-e-type=\"widget\" data-widget_type=\"text-editor.default\">\n\t\t\t\t<div class=\"elementor-widget-container\">\n\t\t\t\t\t\t\t\t\t<p>To be an organization that contributes to the development of free and conscious human beings capable of transforming society for the better. Fostering cultural identity, health, respect for life and the environment in children, adolescents and adults.<\/p>\t\t\t\t\t\t\t\t<\/div>\n\t\t\t\t<\/div>\n\t\t\t\t<\/div>\n\t\t<div class=\"elementor-element elementor-element-fdcbb0b e-con-full e-flex e-con e-child\" data-id=\"fdcbb0b\" data-element_type=\"container\" data-e-type=\"container\">\n\t\t\t\t<div class=\"elementor-element elementor-element-8681aee elementor-widget elementor-widget-image\" data-id=\"8681aee\" data-element_type=\"widget\" data-e-type=\"widget\" data-widget_type=\"image.default\">\n\t\t\t\t<div class=\"elementor-widget-container\">\n\t\t\t\t\t\t\t\t\t\t\t\t\t\t\t<img loading=\"lazy\" decoding=\"async\" width=\"237\" height=\"198\" src=\"https:\/\/bejzamna.websalve.mx\/wp-content\/uploads\/2024\/07\/221149404-2850297438552741-7968350219509923353-n.jpeg\" class=\"attachment-large size-large wp-image-119\" alt=\"\" \/>\t\t\t\t\t\t\t\t\t\t\t\t\t\t\t<\/div>\n\t\t\t\t<\/div>\n\t\t\t\t<\/div>\n\t\t\t\t<\/div>\n\t\t\t\t<\/div>\n\t\t<div class=\"elementor-element elementor-element-006a8c9 e-con-full e-flex e-con e-child\" data-id=\"006a8c9\" data-element_type=\"container\" data-e-type=\"container\">\n\t\t<div class=\"elementor-element elementor-element-279ae0f e-con-full e-flex e-con e-child\" data-id=\"279ae0f\" data-element_type=\"container\" data-e-type=\"container\">\n\t\t\t\t<div class=\"elementor-element elementor-element-859490d elementor-widget elementor-widget-heading\" data-id=\"859490d\" data-element_type=\"widget\" data-e-type=\"widget\" data-widget_type=\"heading.default\">\n\t\t\t\t<div class=\"elementor-widget-container\">\n\t\t\t\t\t<h2 class=\"elementor-heading-title elementor-size-default\">Our Values<\/h2>\t\t\t\t<\/div>\n\t\t\t\t<\/div>\n\t\t\t\t<\/div>\n\t\t<div class=\"elementor-element elementor-element-d4d67c3 e-con-full e-flex e-con e-child\" data-id=\"d4d67c3\" data-element_type=\"container\" data-e-type=\"container\">\n\t\t\t\t<div class=\"elementor-element elementor-element-bbee48b elementor-widget elementor-widget-text-editor\" data-id=\"bbee48b\" data-element_type=\"widget\" data-e-type=\"widget\" data-widget_type=\"text-editor.default\">\n\t\t\t\t<div class=\"elementor-widget-container\">\n\t\t\t\t\t\t\t\t\t<p><strong>\u2022 LOVE<br \/>\u2022 WILLPOWER<br \/>\u2022 PERSEVERANCE<br \/>\u2022 CONSISTENCY<\/strong><\/p>\t\t\t\t\t\t\t\t<\/div>\n\t\t\t\t<\/div>\n\t\t\t\t<\/div>\n\t\t\t\t<\/div>\n\t\t<div class=\"elementor-element elementor-element-348ae6b e-con-full e-flex e-con e-child\" data-id=\"348ae6b\" data-element_type=\"container\" data-e-type=\"container\">\n\t\t\t\t<div class=\"elementor-element elementor-element-79643ea elementor-widget-divider--view-line elementor-widget elementor-widget-divider\" data-id=\"79643ea\" data-element_type=\"widget\" data-e-type=\"widget\" data-widget_type=\"divider.default\">\n\t\t\t\t<div class=\"elementor-widget-container\">\n\t\t\t\t\t\t\t<div class=\"elementor-divider\">\n\t\t\t<span class=\"elementor-divider-separator\">\n\t\t\t\t\t\t<\/span>\n\t\t<\/div>\n\t\t\t\t\t\t<\/div>\n\t\t\t\t<\/div>\n\t\t\t\t<\/div>\n\t\t\t\t<\/div>\n\t\t\t\t<\/div>\n\t\t\t\t<\/div>\n\t\t\t\t<\/div>","protected":false},"excerpt":{"rendered":"<p>Somos Bej Zamn\u00e1 Cozumel (del maya \u201cCamino a la Sabidur\u00eda\u201d) una Asociaci\u00f3n Civil sin fines de lucro que trabaja desde el a\u00f1o 2016 en pro del Desarrollo Social, particularmente promoviendo y asegurando los derechos de la ni\u00f1ez. Desde el a\u00f1o 2021 contamos con el servicio de Jard\u00edn de infantes ( preescolar) y primaria baja (primero [&hellip;]<\/p>","protected":false},"author":1,"featured_media":0,"parent":0,"menu_order":0,"comment_status":"closed","ping_status":"closed","template":"elementor_header_footer","meta":{"footnotes":""},"class_list":["post-36","page","type-page","status-publish","hentry"],"_links":{"self":[{"href":"https:\/\/bejzamna.websalve.mx\/en\/wp-json\/wp\/v2\/pages\/36","targetHints":{"allow":["GET"]}}],"collection":[{"href":"https:\/\/bejzamna.websalve.mx\/en\/wp-json\/wp\/v2\/pages"}],"about":[{"href":"https:\/\/bejzamna.websalve.mx\/en\/wp-json\/wp\/v2\/types\/page"}],"author":[{"embeddable":true,"href":"https:\/\/bejzamna.websalve.mx\/en\/wp-json\/wp\/v2\/users\/1"}],"replies":[{"embeddable":true,"href":"https:\/\/bejzamna.websalve.mx\/en\/wp-json\/wp\/v2\/comments?post=36"}],"version-history":[{"count":199,"href":"https:\/\/bejzamna.websalve.mx\/en\/wp-json\/wp\/v2\/pages\/36\/revisions"}],"predecessor-version":[{"id":737,"href":"https:\/\/bejzamna.websalve.mx\/en\/wp-json\/wp\/v2\/pages\/36\/revisions\/737"}],"wp:attachment":[{"href":"https:\/\/bejzamna.websalve.mx\/en\/wp-json\/wp\/v2\/media?parent=36"}],"curies":[{"name":"wp","href":"https:\/\/api.w.org\/{rel}","templated":true}]}}